{"id":17760,"date":"2018-11-05T14:46:37","date_gmt":"2018-11-05T12:46:37","guid":{"rendered":"https:\/\/arisannointi.fi\/kiinteistonvalitys\/isannointi-copy\/"},"modified":"2018-11-07T10:29:09","modified_gmt":"2018-11-07T08:29:09","slug":"stailauspalvelu","status":"publish","type":"page","link":"https:\/\/arisannointi.fi\/kiinteistonvalitys\/stailauspalvelu\/","title":{"rendered":"Stailauspalvelu"},"content":{"rendered":"<div class=\"wpb-content-wrapper\"><p>[vc_row css_animation=&#8221;&#8221; row_type=&#8221;row&#8221; use_row_as_full_screen_section=&#8221;no&#8221; type=&#8221;full_width&#8221; angled_section=&#8221;no&#8221; text_align=&#8221;left&#8221; background_image=&#8221;17764&#8243; background_image_as_pattern=&#8221;without_pattern&#8221; background_color=&#8221;#333333&#8243; side_padding=&#8221;5&#8243; padding_top=&#8221;80&#8243; padding_bottom=&#8221;80&#8243; el_class=&#8221;alt&#8221; z_index=&#8221;&#8221;][vc_column][vc_column_text]<\/p>\n<h1>Stailauspalvelut<\/h1>\n<h3>Tarvitsetko stailaus- tai sisustusapua?<\/h3>\n<p>[\/vc_column_text][\/vc_column][\/vc_row][vc_row css_animation=&#8221;&#8221; row_type=&#8221;row&#8221; use_row_as_full_screen_section=&#8221;no&#8221; type=&#8221;grid&#8221; angled_section=&#8221;no&#8221; text_align=&#8221;left&#8221; background_image_as_pattern=&#8221;without_pattern&#8221; background_color=&#8221;#ffffff&#8221; padding_top=&#8221;60&#8243; padding_bottom=&#8221;60&#8243; el_class=&#8221;tervehdys&#8221; z_index=&#8221;&#8221;][vc_column width=&#8221;1\/2&#8243;][vc_column_text]<\/p>\n<h2>Koti on henkil\u00f6kohtainen tila, jota voi olla vaikea katsoa potentiaalisen ostajan silmin.<\/h2>\n<p>Joskus oma koti on ajan my\u00f6t\u00e4 muokkautunut sellaiseksi, ett\u00e4 se ei v\u00e4ltt\u00e4m\u00e4tt\u00e4 kohtaa potentiaalisia ostajia. On hyv\u00e4 muistaa, ett\u00e4 asuntoa myyt\u00e4ess\u00e4 omat mieltymykset kannattaa j\u00e4tt\u00e4\u00e4 syrj\u00e4\u00e4n ja mietti\u00e4, mink\u00e4lainen asunto kiinnostaisi uusia asukkaita. Sisustamisen ammattilaisen luoma stailaus antaa kodillesi neutraalin mutta n\u00e4ytt\u00e4v\u00e4n ilmeen, joka vetoaa ostajiin sek\u00e4 valokuvissa ett\u00e4 myyntin\u00e4yt\u00f6iss\u00e4.<\/p>\n<p>Asunnon stailaus nopeuttaa myynti\u00e4 ja nostaa asunnon parhaat puolet esiin. Potentiaalista kohderyhm\u00e4\u00e4 ajatellen stailattu koti ja visuaalisesti kauniit yksityiskohdat j\u00e4\u00e4v\u00e4t mieleen ja auttavat erottumaan joukosta. Hyv\u00e4t myyntikuvat stailatusta asunnosta her\u00e4tt\u00e4v\u00e4t mielenkiinnon, luovat unelmia ja houkuttelevat katsojat paikalle. Muutaman satasen satsauksella voit nopeuttaa asuntosi myynti\u00e4 ja saada siit\u00e4 parhaan mahdollisen hinnan!<\/p>\n<h4>Asuntomyyj\u00e4mme suosittelevat parhaiten Sinun asuntosi myynti\u00e4 vauhdittavaa palvelua.<\/h4>\n<p>[\/vc_column_text]<a  itemprop=\"url\" href=\"mailto:aki@arisannointi.fi\" target=\"_self\" data-hover-background-color=\"#dd631c\" data-hover-border-color=\"#dd631c\" data-hover-color=\"#ffffff\" class=\"qbutton  medium default\" style=\"color: #ffffff; border-color: #f57021; margin: 20px 0 20px 0; border-radius: 0px;-moz-border-radius: 0px;-webkit-border-radius: 0px; background-color:#f57021;\">Kysy lis\u00e4\u00e4 tai pyyd\u00e4 tarjous<\/a>[\/vc_column][vc_column width=&#8221;1\/2&#8243;][vc_single_image image=&#8221;17783&#8243; img_size=&#8221;full&#8221; qode_css_animation=&#8221;&#8221;][\/vc_column][\/vc_row][vc_row css_animation=&#8221;&#8221; row_type=&#8221;row&#8221; use_row_as_full_screen_section=&#8221;no&#8221; type=&#8221;grid&#8221; angled_section=&#8221;no&#8221; text_align=&#8221;left&#8221; background_image=&#8221;17766&#8243; background_image_as_pattern=&#8221;without_pattern&#8221; padding_top=&#8221;100&#8243; padding_bottom=&#8221;100&#8243; z_index=&#8221;&#8221;][vc_column width=&#8221;1\/2&#8243;][\/vc_column][vc_column width=&#8221;1\/2&#8243;][vc_row_inner row_type=&#8221;row&#8221; type=&#8221;full_width&#8221; text_align=&#8221;left&#8221; css_animation=&#8221;&#8221;][vc_column_inner el_class=&#8221;riviera&#8221;][vc_column_text]<\/p>\n<div class=\"wpb_text_column wpb_content_element \">\n<div class=\"wpb_wrapper\">\n<h2>Tutustu stailauspaketteihimme!<\/h2>\n<div>Annamme kotiisi kevyen loppusilauksen, 3D-mallinnetun stailauksen tai sisustamme tyhj\u00e4n asuntosi vuokrakalustein myynti\u00e4 varten. Myynnin kannalta on ehdottoman t\u00e4rke\u00e4\u00e4, ett\u00e4 asunto n\u00e4ytt\u00e4\u00e4 sek\u00e4 kuvissa ett\u00e4 paikan p\u00e4\u00e4ll\u00e4 viihtyis\u00e4lt\u00e4 ja harmoniselta.<\/div>\n<\/div>\n<\/div>\n<p>[\/vc_column_text]<a  itemprop=\"url\" href=\"mailto:aki@arisannointi.fi\" target=\"_self\" data-hover-background-color=\"#ffffff\" data-hover-border-color=\"#ffffff\" data-hover-color=\"#f57021\" class=\"qbutton  medium default\" style=\"color: #ffffff; border-color: #f57021; margin: 20px 0 20px 0; border-radius: 0px;-moz-border-radius: 0px;-webkit-border-radius: 0px; background-color:#f57021;\">Pyyd\u00e4 tarjous<\/a>[\/vc_column_inner][\/vc_row_inner][\/vc_column][\/vc_row][vc_row css_animation=&#8221;&#8221; row_type=&#8221;row&#8221; use_row_as_full_screen_section=&#8221;no&#8221; type=&#8221;grid&#8221; angled_section=&#8221;no&#8221; text_align=&#8221;left&#8221; background_image_as_pattern=&#8221;without_pattern&#8221; background_color=&#8221;#ffffff&#8221; padding_top=&#8221;50&#8243; padding_bottom=&#8221;50&#8243; z_index=&#8221;&#8221;][vc_column width=&#8221;1\/2&#8243;][vc_column_text]<\/p>\n<h3>Kevyt myyntistailaus<\/h3>\n<p>Huonekalujen, valaisimien, tekstiilien ja sisustusesineiden j\u00e4rjestely siten, ett\u00e4 ne tekev\u00e4t asunnosta mahdollisimman selke\u00e4n, avaran, valoisan ja viihtyis\u00e4n. Stailattu ja siisti tila auttavat ostajaa hahmottamaan tilan potentiaalin selke\u00e4mmin. Kevytstailauksen aikana j\u00e4rjestelemme ja v\u00e4henn\u00e4mme tavaraa, jotta tilan potentiaali nousee esille ja asunnosta saadaan hyv\u00e4t myyntikuvat. Varaudu siirt\u00e4m\u00e4\u00e4n osa tavaroista ja huonekaluista varastoon. Stailattu asunto viimeistell\u00e4\u00e4n tuoreella kukkakimpulla!<\/p>\n<p><strong>Palvelun hinta 180 \u20ac<\/strong><br \/>\n(sis. alv. 24% ja matkakulut Kankaanp\u00e4\u00e4ss\u00e4), kesto max 2 h.\u00a0 Lis\u00e4tunnit 55\u20ac \/ h (sis. alv.24%).<\/p>\n<hr \/>\n<h3>Tyhj\u00e4n asunnon myyntistailaus<\/h3>\n<p>Tyhj\u00e4t ja kaikuvat asunnot tuntuvat usein kolkoilta ja kylmilt\u00e4. Sisustamalla tyhj\u00e4 asunto ajanmukaisin kalustein potentiaalista kohderyhm\u00e4\u00e4 ajatellen, se her\u00e4\u00e4 henkiin ja muuttuu houkuttelevaksi kodiksi. Tyhj\u00e4n asunnon kalustaminen auttaa asiakasta hahmottamaan tilan mahdollisuudet ja koon realistisesti. Kalustettu ja somistettu asunto toimii my\u00f6s ostajan sisustuksen inspiraation l\u00e4hteen\u00e4 ja saattaa auttaa positiivisen ostop\u00e4\u00e4t\u00f6ksen syntymisess\u00e4.<\/p>\n<p>Asuntoon voidaan vied\u00e4 koosta riippuen esimerkiksi ruokap\u00f6yt\u00e4 ja tuolit, sohvan ja nojatuolin, s\u00e4ngyn, pienhuonekaluja, tekstiilej\u00e4, pieni\u00e4 sisustusesineit\u00e4 ja viherkasveja. Tyhj\u00e4n asunnon myyntistailaus vuokrakalustein hinnoitellaan asunnon koon ja vuokrattavien kalusteiden m\u00e4\u00e4r\u00e4n mukaan. <strong>Kysy tarjousta!<\/strong>[\/vc_column_text][\/vc_column][vc_column width=&#8221;1\/2&#8243;][vc_column_text]<\/p>\n<h3>3D stailaus<\/h3>\n<p>3D-stailaus on asunnonmyyj\u00e4lle helppoa. Asunnossa ei tarvitse tehd\u00e4 suurempia toimenpiteit\u00e4, vaan 3D-mallinnuksella saadaan tuotua parhaat puolet esiin ja eritt\u00e4in laadukkailla, l\u00e4hes valokuvantarkoilla kuvilla ostajaehdokas n\u00e4kee milt\u00e4 asunto voisi n\u00e4ytt\u00e4\u00e4 pienen pintaremontin tai uudelleenkalustuksen j\u00e4lkeen. Jo pelk\u00e4st\u00e4\u00e4n sein\u00e4pintojen maalaus ja uudelleenkalustus saa asunnon n\u00e4ytt\u00e4m\u00e4\u00e4n aivan toisenlaiselta.<\/p>\n<p>Palvelun avulla voi paneutua esimerkiksi asunnon alkuper\u00e4isess\u00e4 kunnossa olevaan keitti\u00f6\u00f6n, tyhjill\u00e4\u00e4n olevan asunnon kalustamiseen mittasuhteita antamaan, tai eritt\u00e4in persoonallisiin oleskelutiloihin, joihin ostajaehdokas ei v\u00e4ltt\u00e4m\u00e4tt\u00e4 osaa itse\u00e4\u00e4n kuvitella. 3D-stailauksella saa jo parhaat p\u00e4iv\u00e4ns\u00e4 n\u00e4hneen asunnon her\u00e4tetty\u00e4 uudelleen eloon!<\/p>\n<p>Oli sitten kyse pelk\u00e4st\u00e4\u00e4n seinien maalauksesta tai vaikka kylpyhuoneremontista, 3Dstailauspakettiin kuuluu my\u00f6s ammattilaisen antama hinta-arvio kuvien mukaan toteutettavasta remontista, sek\u00e4 mahdollisuus remontin toteuttamiseen kauttamme. Se helpottaa edelleen potentiaalisen asunnonostajan ostop\u00e4\u00e4t\u00f6ksen tekemist\u00e4.<\/p>\n<p><strong>3D-stailauksen hinnat alkaen 250 \u20ac.\u00a0<\/strong>[\/vc_column_text][vc_gallery type=&#8221;image_grid&#8221; images=&#8221;17740,17739,17726,17722,17720&#8243; img_size=&#8221;300&#215;300&#8243; column_number=&#8221;3&#8243; grayscale=&#8221;no&#8221; images_space=&#8221;gallery_with_space&#8221; css=&#8221;.vc_custom_1541490005825{margin-top: 20px !important;}&#8221;][\/vc_column][\/vc_row][vc_row css_animation=&#8221;&#8221; row_type=&#8221;row&#8221; use_row_as_full_screen_section=&#8221;no&#8221; type=&#8221;grid&#8221; angled_section=&#8221;no&#8221; text_align=&#8221;left&#8221; background_image_as_pattern=&#8221;without_pattern&#8221; padding_top=&#8221;50&#8243; padding_bottom=&#8221;50&#8243; z_index=&#8221;&#8221;][vc_column width=&#8221;1\/2&#8243;][vc_single_image image=&#8221;17784&#8243; img_size=&#8221;full&#8221; qode_css_animation=&#8221;&#8221;][\/vc_column][vc_column width=&#8221;1\/2&#8243;][vc_column_text]<\/p>\n<h3>Asunnonmyyj\u00e4n muistilista<\/h3>\n<ol>\n<li>Aloita kodin myynti suursiivouksella. Katso asuntoa vieraan silmin huone kerrallaan ja karsi tavaraa reippaalla k\u00e4dell\u00e4.<\/li>\n<li>Asunnon myynniss\u00e4 ensivaikutelma on t\u00e4rkein. Myyj\u00e4ll\u00e4 on vain muutama sekunti aikaa her\u00e4tt\u00e4\u00e4 asiakkaan mielenkiinto. \u00c4l\u00e4 j\u00e4t\u00e4 eteiseen lojumaan kenki\u00e4 ja rojuja. Se on paikka, mink\u00e4 mahdollinen asunnonostaja n\u00e4kee ensimm\u00e4isen\u00e4. Siirr\u00e4 eteisest\u00e4 keng\u00e4t ja ulkovaatteet kaappeihin.<\/li>\n<li>Avaa verhot ja kaihtimet, tuuleta hyvin ja petaa s\u00e4ngyt.<\/li>\n<li>Imuroi ja pyyhi peilit, ovet, ovenkahvat ja tasot.<\/li>\n<li>Huolehdi, ett\u00e4 kaapit ovat kurkistuskunnossa.<\/li>\n<li>Siivoa kylpyhuone ja WC, vaihda puhtaat pyyhkeet ja poista n\u00e4kyvilt\u00e4 pesuaineet, WC-harja, meikit, hammasharjat ja roskakori.<\/li>\n<li>Poista n\u00e4kyvilt\u00e4 henkil\u00f6kohtaiset tavarat, vaatteet, hygieniatuotteet, koriste-esineet, lehtipinot ja valokuvat.<\/li>\n<li>Pyyhi keitti\u00f6n tasot, tyhjenn\u00e4 kaappien p\u00e4\u00e4lliset ja poista j\u00e4\u00e4kaappimagneetit.<\/li>\n<li>Siirr\u00e4 py\u00f6r\u00e4t, auto, urheiluv\u00e4lineet ja lelut pois ovien l\u00e4hettyvilt\u00e4.<\/li>\n<li>Aja nurmikko tai tee lumity\u00f6t. Toivota vierailijat tervetulleiksi hankkimalla tuoreita kukkia maljakkoon.<\/li>\n<\/ol>\n<p>[\/vc_column_text][\/vc_column][\/vc_row]<\/p>\n<\/div>","protected":false},"excerpt":{"rendered":"<p>[vc_row css_animation=&#8221;&#8221; row_type=&#8221;row&#8221; use_row_as_full_screen_section=&#8221;no&#8221; type=&#8221;full_width&#8221; angled_section=&#8221;no&#8221; text_align=&#8221;left&#8221; background_image=&#8221;17764&#8243; background_image_as_pattern=&#8221;without_pattern&#8221; background_color=&#8221;#333333&#8243; side_padding=&#8221;5&#8243; padding_top=&#8221;80&#8243; padding_bottom=&#8221;80&#8243; el_class=&#8221;alt&#8221; z_index=&#8221;&#8221;][vc_column][vc_column_text] Stailauspalvelut Tarvitsetko stailaus- tai sisustusapua? [\/vc_column_text][\/vc_column][\/vc_row][vc_row css_animation=&#8221;&#8221; row_type=&#8221;row&#8221; use_row_as_full_screen_section=&#8221;no&#8221; type=&#8221;grid&#8221; angled_section=&#8221;no&#8221; text_align=&#8221;left&#8221; background_image_as_pattern=&#8221;without_pattern&#8221; background_color=&#8221;#ffffff&#8221; padding_top=&#8221;60&#8243; padding_bottom=&#8221;60&#8243; el_class=&#8221;tervehdys&#8221; z_index=&#8221;&#8221;][vc_column width=&#8221;1\/2&#8243;][vc_column_text] Koti on henkil\u00f6kohtainen tila, jota voi olla vaikea katsoa potentiaalisen ostajan&#8230;<\/p>\n","protected":false},"author":1,"featured_media":0,"parent":0,"menu_order":0,"comment_status":"open","ping_status":"closed","template":"full_width.php","meta":{"footnotes":""},"class_list":["post-17760","page","type-page","status-publish","hentry"],"_links":{"self":[{"href":"https:\/\/arisannointi.fi\/kiinteistonvalitys\/wp-json\/wp\/v2\/pages\/17760","targetHints":{"allow":["GET"]}}],"collection":[{"href":"https:\/\/arisannointi.fi\/kiinteistonvalitys\/wp-json\/wp\/v2\/pages"}],"about":[{"href":"https:\/\/arisannointi.fi\/kiinteistonvalitys\/wp-json\/wp\/v2\/types\/page"}],"author":[{"embeddable":true,"href":"https:\/\/arisannointi.fi\/kiinteistonvalitys\/wp-json\/wp\/v2\/users\/1"}],"replies":[{"embeddable":true,"href":"https:\/\/arisannointi.fi\/kiinteistonvalitys\/wp-json\/wp\/v2\/comments?post=17760"}],"version-history":[{"count":28,"href":"https:\/\/arisannointi.fi\/kiinteistonvalitys\/wp-json\/wp\/v2\/pages\/17760\/revisions"}],"predecessor-version":[{"id":17795,"href":"https:\/\/arisannointi.fi\/kiinteistonvalitys\/wp-json\/wp\/v2\/pages\/17760\/revisions\/17795"}],"wp:attachment":[{"href":"https:\/\/arisannointi.fi\/kiinteistonvalitys\/wp-json\/wp\/v2\/media?parent=17760"}],"curies":[{"name":"wp","href":"https:\/\/api.w.org\/{rel}","templated":true}]}}