{"id":2013,"date":"2016-04-13T09:03:08","date_gmt":"2016-04-13T06:03:08","guid":{"rendered":"http:\/\/arisannointi.fi\/kiinteistonvalitys\/maksuton-arvio-2\/"},"modified":"2020-12-03T10:25:36","modified_gmt":"2020-12-03T08:25:36","slug":"tutustu-tarjouskauppaan","status":"publish","type":"page","link":"https:\/\/arisannointi.fi\/kiinteistonvalitys\/isannointi\/tutustu-tarjouskauppaan\/","title":{"rendered":"Tutustu tarjouskauppaan"},"content":{"rendered":"<div class=\"wpb-content-wrapper\"><p>[vc_row css_animation=&#8221;&#8221; row_type=&#8221;row&#8221; use_row_as_full_screen_section=&#8221;no&#8221; type=&#8221;full_width&#8221; angled_section=&#8221;no&#8221; text_align=&#8221;left&#8221; background_image_as_pattern=&#8221;without_pattern&#8221; background_image=&#8221;229&#8243; background_color=&#8221;#ef7221&#8243; side_padding=&#8221;5&#8243; padding_top=&#8221;70&#8243; padding_bottom=&#8221;70&#8243; el_class=&#8221;alt&#8221;][vc_column][vc_column_text]<\/p>\n<h1>Tutustu tarjouskauppaan<\/h1>\n<p>[\/vc_column_text][\/vc_column][\/vc_row][vc_row css_animation=&#8221;&#8221; row_type=&#8221;row&#8221; use_row_as_full_screen_section=&#8221;no&#8221; type=&#8221;full_width&#8221; angled_section=&#8221;no&#8221; text_align=&#8221;left&#8221; background_image_as_pattern=&#8221;without_pattern&#8221; side_padding=&#8221;5&#8243; padding_top=&#8221;40&#8243; padding_bottom=&#8221;40&#8243;][vc_column][vc_column_text]<\/p>\n<h2>Mit\u00e4 on tarjouskauppa?<\/h2>\n<p>Tarjouskauppa -mallisessa myynniss\u00e4 tarjoukset tehd\u00e4\u00e4n l\u00e4ht\u00f6hinnasta yl\u00f6sp\u00e4in.<\/p>\n<p>Myyj\u00e4 voi itse valita, mink\u00e4 tarjouksen hyv\u00e4ksyy.<\/p>\n<p>Asunnosta tehdyt tarjoukset n\u00e4kyv\u00e4t netiss\u00e4 asunnon sivuilla ja asunnon myynti\u00e4 seuraavat ostajat ja tarjouksen tehneet saavat ne my\u00f6s s\u00e4hk\u00f6postilla. Tarjouksen tekij\u00e4n nime\u00e4 tai yhteystietoja ei julkaista.[\/vc_column_text][vc_separator type=&#8221;normal&#8221; thickness=&#8221;1&#8243; up=&#8221;30&#8243; down=&#8221;30&#8243;][vc_column_text]<\/p>\n<h2>Tarjouskaupan kulku<\/h2>\n<ol>\n<li><strong>V\u00e4litt\u00e4j\u00e4 ja myyj\u00e4 m\u00e4\u00e4ritt\u00e4v\u00e4t l\u00e4ht\u00f6hinnan<\/strong><br \/>\nL\u00e4ht\u00f6hinta on kohteen markkinoinnissa n\u00e4kyv\u00e4 hinta. Myyj\u00e4n kanssa on sovittu tavoitehinnasta.<\/li>\n<li><strong>Ostajat ilmoittautuvat kohteen seuraajiksi ja esitt\u00e4v\u00e4t tarjouksia<\/strong><br \/>\nTarjouskauppasivulla n\u00e4kyy kohteen seuraajien m\u00e4\u00e4r\u00e4.<br \/>\nKiinnostuneet voivat ilmoittautua kohteen seuraajiksi, jolloin he saavat s\u00e4hk\u00f6postiinsa tiedon, kun kohteesta tehd\u00e4\u00e4n uusia tarjouksia.<br \/>\nKun haluat tehd\u00e4 kirjallisen tarjouksen, ota yhteytt\u00e4 v\u00e4litt\u00e4j\u00e4\u00e4n. Tarjouksessa m\u00e4\u00e4ritell\u00e4\u00e4n hinta, maksuehdot, vapautumisaika ja muut kaupan ehdot. Tarjouksen voi tehd\u00e4 my\u00f6s ehdollisena; oman asunnon myyntiehdolla tai lainaehdolla. Tarjouksen voimassaoloaika on v\u00e4hint\u00e4\u00e4n 48 tuntia.<br \/>\nTarjoukset p\u00e4ivitet\u00e4\u00e4n Tarjouskauppa \u2013sivulle.\u00a0 V\u00e4litt\u00e4j\u00e4 ilmoittaa myyj\u00e4lle tarjouksesta. Saatuaan tarjouksen myyj\u00e4 voi hyv\u00e4ksy\u00e4 tai hyl\u00e4t\u00e4 sen ja odottaa uusia tarjouksia.<\/li>\n<li><strong>Myyj\u00e4 hyv\u00e4ksyy parhaaksi katsomansa tarjouksen<\/strong><br \/>\nMyyj\u00e4 voi hyv\u00e4ksy\u00e4 tarjouksen aikaisintaan sen oltua voimassa 44 tuntia. Kaikki, jotka ovat seuranneet asunnon myynti\u00e4 tai tehneet tarjouksen siit\u00e4, saavat tiedon hyv\u00e4ksytyst\u00e4 tarjouksesta. Lain mukaan toteutunutta kauppahintaa ei kuitenkaan n\u00e4ytet\u00e4 Internetiss\u00e4.<\/li>\n<\/ol>\n<p>[\/vc_column_text][vc_separator type=&#8221;normal&#8221; thickness=&#8221;1&#8243; up=&#8221;30&#8243; down=&#8221;30&#8243;][vc_column_text]<\/p>\n<h2>Tarjouskaupan etuja<\/h2>\n<p>Kaikilla halukkailla ostajilla on aikaa tehd\u00e4 tarjouksensa.<\/p>\n<p>Ostaja n\u00e4kee tulleet tarjoukset.<\/p>\n<p>Myyj\u00e4 valitsee ostajan. Myyj\u00e4 voi j\u00e4tt\u00e4\u00e4 kohteen myym\u00e4tt\u00e4, jos tarjoukset eiv\u00e4t ole h\u00e4nen mielest\u00e4\u00e4n tarpeeksi hyvi\u00e4.<\/p>\n<p><strong>Tarjouskaupassa alhaisempi l\u00e4ht\u00f6hinta houkuttelee ostajia ja lis\u00e4\u00e4 kiinnostusta, samoin kuin tarjousten julkinen n\u00e4kyvyys.<\/strong>[\/vc_column_text][\/vc_column][\/vc_row]<\/p>\n<\/div>","protected":false},"excerpt":{"rendered":"<p>[vc_row css_animation=&#8221;&#8221; row_type=&#8221;row&#8221; use_row_as_full_screen_section=&#8221;no&#8221; type=&#8221;full_width&#8221; angled_section=&#8221;no&#8221; text_align=&#8221;left&#8221; background_image_as_pattern=&#8221;without_pattern&#8221; background_image=&#8221;229&#8243; background_color=&#8221;#ef7221&#8243; side_padding=&#8221;5&#8243; padding_top=&#8221;70&#8243; padding_bottom=&#8221;70&#8243; el_class=&#8221;alt&#8221;][vc_column][vc_column_text] Tutustu tarjouskauppaan [\/vc_column_text][\/vc_column][\/vc_row][vc_row css_animation=&#8221;&#8221; row_type=&#8221;row&#8221; use_row_as_full_screen_section=&#8221;no&#8221; type=&#8221;full_width&#8221; angled_section=&#8221;no&#8221; text_align=&#8221;left&#8221; background_image_as_pattern=&#8221;without_pattern&#8221; side_padding=&#8221;5&#8243; padding_top=&#8221;40&#8243; padding_bottom=&#8221;40&#8243;][vc_column][vc_column_text] Mit\u00e4 on tarjouskauppa? Tarjouskauppa -mallisessa myynniss\u00e4 tarjoukset tehd\u00e4\u00e4n l\u00e4ht\u00f6hinnasta yl\u00f6sp\u00e4in. Myyj\u00e4 voi itse valita, mink\u00e4 tarjouksen hyv\u00e4ksyy. Asunnosta&#8230;<\/p>\n","protected":false},"author":1,"featured_media":0,"parent":9,"menu_order":0,"comment_status":"closed","ping_status":"closed","template":"full_width.php","meta":{"footnotes":""},"class_list":["post-2013","page","type-page","status-publish","hentry"],"_links":{"self":[{"href":"https:\/\/arisannointi.fi\/kiinteistonvalitys\/wp-json\/wp\/v2\/pages\/2013","targetHints":{"allow":["GET"]}}],"collection":[{"href":"https:\/\/arisannointi.fi\/kiinteistonvalitys\/wp-json\/wp\/v2\/pages"}],"about":[{"href":"https:\/\/arisannointi.fi\/kiinteistonvalitys\/wp-json\/wp\/v2\/types\/page"}],"author":[{"embeddable":true,"href":"https:\/\/arisannointi.fi\/kiinteistonvalitys\/wp-json\/wp\/v2\/users\/1"}],"replies":[{"embeddable":true,"href":"https:\/\/arisannointi.fi\/kiinteistonvalitys\/wp-json\/wp\/v2\/comments?post=2013"}],"version-history":[{"count":5,"href":"https:\/\/arisannointi.fi\/kiinteistonvalitys\/wp-json\/wp\/v2\/pages\/2013\/revisions"}],"predecessor-version":[{"id":34546,"href":"https:\/\/arisannointi.fi\/kiinteistonvalitys\/wp-json\/wp\/v2\/pages\/2013\/revisions\/34546"}],"up":[{"embeddable":true,"href":"https:\/\/arisannointi.fi\/kiinteistonvalitys\/wp-json\/wp\/v2\/pages\/9"}],"wp:attachment":[{"href":"https:\/\/arisannointi.fi\/kiinteistonvalitys\/wp-json\/wp\/v2\/media?parent=2013"}],"curies":[{"name":"wp","href":"https:\/\/api.w.org\/{rel}","templated":true}]}}